{"id":9808,"date":"2026-03-11T00:31:38","date_gmt":"2026-03-10T23:31:38","guid":{"rendered":"https:\/\/www.redseaelite.eu\/reklamacie\/"},"modified":"2026-03-11T00:51:44","modified_gmt":"2026-03-10T23:51:44","slug":"panaszok","status":"publish","type":"page","link":"https:\/\/www.redseaelite.eu\/hu\/panaszok\/","title":{"rendered":"Panaszok"},"content":{"rendered":"\t\t<div data-elementor-type=\"wp-page\" data-elementor-id=\"9808\" class=\"elementor elementor-9808 elementor-9795\" data-elementor-post-type=\"page\">\n\t\t\t\t\t\t<section class=\"elementor-section elementor-top-section elementor-element elementor-element-263ff5c elementor-section-stretched elementor-section-boxed elementor-section-height-default elementor-section-height-default\" data-id=\"263ff5c\" data-element_type=\"section\" data-e-type=\"section\" data-settings=\"{&quot;stretch_section&quot;:&quot;section-stretched&quot;,&quot;background_background&quot;:&quot;classic&quot;}\">\n\t\t\t\t\t\t\t<div class=\"elementor-background-overlay\"><\/div>\n\t\t\t\t\t\t\t<div class=\"elementor-container elementor-column-gap-default\">\n\t\t\t\t\t<div class=\"elementor-column elementor-col-100 elementor-top-column elementor-element elementor-element-d16f279\" data-id=\"d16f279\" data-element_type=\"column\" data-e-type=\"column\">\n\t\t\t<div class=\"elementor-widget-wrap elementor-element-populated\">\n\t\t\t\t\t\t<div class=\"elementor-element elementor-element-a995ae0 elementor-widget elementor-widget-heading\" data-id=\"a995ae0\" data-element_type=\"widget\" data-e-type=\"widget\" data-widget_type=\"heading.default\">\n\t\t\t\t\t<h1 class=\"elementor-heading-title elementor-size-default\">Panaszok<\/h1>\t\t\t\t<\/div>\n\t\t\t\t\t<\/div>\n\t\t<\/div>\n\t\t\t\t\t<\/div>\n\t\t<\/section>\n\t\t<div class=\"elementor-element elementor-element-9af81b4 e-flex e-con-boxed e-con e-parent\" data-id=\"9af81b4\" data-element_type=\"container\" data-e-type=\"container\" data-settings=\"{&quot;background_background&quot;:&quot;classic&quot;}\">\n\t\t\t\t\t<div class=\"e-con-inner\">\n\t\t\t\t<div class=\"elementor-element elementor-element-2f70ddc elementor-widget elementor-widget-shortcode\" data-id=\"2f70ddc\" data-element_type=\"widget\" data-e-type=\"widget\" data-widget_type=\"shortcode.default\">\n\t\t\t\t\t\t\t<div class=\"elementor-shortcode\">\t\t<style>\r\n\t\t\t.rse-claim-wrap{max-width:1000px;margin:30px auto;padding:0 16px;font-family:system-ui,-apple-system,Segoe UI,Roboto,Ubuntu,sans-serif;color:#111827}\r\n\t\t\t.rse-claim-card{background:#fff;border:1px solid #cbd5e1;border-radius:18px;box-shadow:0 14px 40px rgba(15,23,42,.08);overflow:hidden}\r\n\t\t\t.rse-claim-head{display:grid;grid-template-columns:1.1fr .9fr;background:linear-gradient(135deg,#1f3372,#263d82);color:#fff}\r\n\t\t\t.rse-claim-brand{padding:28px;display:flex;align-items:center;gap:18px}\r\n\t\t\t.rse-claim-logo{max-width:230px;height:auto;display:block}\r\n\t\t\t.rse-claim-brand h2{margin:0 0 6px;font-size:30px;color:#fff !important;line-height:1.1}\r\n\t\t\t.rse-claim-brand p{margin:0;color:rgba(255,255,255,.9)}\r\n\t\t\t.rse-claim-company{padding:28px;font-size:14px;line-height:1.8;text-align:right;color:rgba(255,255,255,.95)}\r\n\t\t\t.rse-claim-body{padding:28px}\r\n\t\t\t.rse-grid{display:grid;grid-template-columns:1fr 1fr;gap:16px;margin-bottom:16px}\r\n\t\t\t.rse-field{display:flex;flex-direction:column;gap:8px}\r\n\t\t\t.rse-field label{font-size:14px;font-weight:700;color:#223a72}\r\n\t\t\t.rse-field input,.rse-field textarea{width:100%;box-sizing:border-box;border:1px solid #d7dbe7;border-radius:12px;padding:12px 14px;font-size:15px;background:#f4f6fb}\r\n\t\t\t.rse-field textarea{min-height:220px;resize:vertical}\r\n\t\t\t.rse-note{margin-top:18px;padding:16px 18px;background:#f8fafc;border:1px solid #e2e8f0;border-radius:12px;font-size:14px;line-height:1.7}\r\n\t\t\t.rse-note p{margin:0 0 10px}\r\n\t\t\t.rse-note p:last-child{margin-bottom:0}\r\n\t\t\t.rse-toolbar{display:flex;gap:12px;flex-wrap:wrap;margin-top:18px}\r\n\t\t\t.rse-btn{display:inline-flex;align-items:center;justify-content:center;padding:12px 18px;border-radius:12px;background:#223a72;color:#fff !important;text-decoration:none !important;font-size:14px;font-weight:700;border:none;cursor:pointer}\r\n\t\t\t.rse-sub{margin:4px 0 16px;font-size:18px;font-weight:800;color:#d78039}\r\n\t\t\t.rse-small{font-size:13px;color:#64748b}\r\n\t\t\t.rse-success{margin-bottom:16px;padding:14px 16px;background:#ecfdf5;border:1px solid #a7f3d0;color:#065f46;border-radius:12px}\r\n\t\t\t@media (max-width:820px){\r\n\t\t\t\t.rse-claim-head,.rse-grid{grid-template-columns:1fr}\r\n\t\t\t\t.rse-claim-company{text-align:left}\r\n\t\t\t\t.rse-claim-brand{flex-direction:column;align-items:flex-start}\r\n\t\t\t}\r\n\t\t<\/style>\r\n\r\n\t\t<div class=\"rse-claim-wrap\">\r\n\r\n\t\t\t\r\n\t\t\t<div class=\"rse-claim-card\">\r\n\t\t\t\t<div class=\"rse-claim-head\">\r\n\t\t\t\t\t<div class=\"rse-claim-brand\">\r\n\t\t\t\t\t\t<img decoding=\"async\" class=\"rse-claim-logo\" src=\"https:\/\/www.redseaelite.eu\/wp-content\/uploads\/2026\/03\/bw_logo_email-1.png\" alt=\"Red Sea Elite\" title=\"-\">\r\n\t\t\t\t\t\t<div>\r\n\t\t\t\t\t\t\t<h2>Reklam\u00e1ci\u00f3s \u0171rlap<\/h2>\r\n\t\t\t\t\t\t\t<p>Kir\u00e1ndul\u00e1s vagy szolg\u00e1ltat\u00e1s manu\u00e1lis reklam\u00e1ci\u00f3ja<\/p>\r\n\t\t\t\t\t\t<\/div>\r\n\t\t\t\t\t<\/div>\r\n\t\t\t\t\t<div class=\"rse-claim-company\">\r\n\t\t\t\t\t\t<strong>Red Sea Elite<\/strong><br>\r\n\t\t\t\t\t\t\u00dczemeltet\u0151: <strong>EgyptGo s.r.o.<\/strong><br>\r\n\t\t\t\t\t\tZohorsk\u00e1 673\/1, 841 04 Bratislava<br>\r\n\t\t\t\t\t\tI\u010cO: 55 644 429, DI\u010c: 2122056266<br>\r\n\t\t\t\t\t\tE-mail: info@redseaelite.eu\r\n\t\t\t\t\t<\/div>\r\n\t\t\t\t<\/div>\r\n\r\n\t\t\t\t<div class=\"rse-claim-body\">\r\n\t\t\t\t\t<form method=\"post\" action=\"https:\/\/www.redseaelite.eu\/wp-admin\/admin-post.php\" enctype=\"multipart\/form-data\">\r\n\t\t\t\t\t\t<input type=\"hidden\" name=\"action\" value=\"rse_submit_claim_v141\">\r\n\t\t\t\t\t\t<input type=\"hidden\" name=\"rse_lang\" value=\"hu\">\r\n\t\t\t\t\t\t<input type=\"hidden\" id=\"rse_claim_nonce_v141\" name=\"rse_claim_nonce_v141\" value=\"22eab49d28\" \/><input type=\"hidden\" name=\"_wp_http_referer\" value=\"\/hu\/wp-json\/wp\/v2\/pages\/9808\" \/>\r\n\t\t\t\t\t\t<div class=\"rse-grid\">\r\n\t\t\t\t\t\t\t<div class=\"rse-field\">\r\n\t\t\t\t\t\t\t\t<label>\u00dcgyf\u00e9l neve<\/label>\r\n\t\t\t\t\t\t\t\t<input type=\"text\" name=\"client_name\" value=\"\" required>\r\n\t\t\t\t\t\t\t<\/div>\r\n\t\t\t\t\t\t\t<div class=\"rse-field\">\r\n\t\t\t\t\t\t\t\t<label>Foglal\u00e1si sz\u00e1m<\/label>\r\n\t\t\t\t\t\t\t\t<input type=\"text\" name=\"reservation_number\" value=\"\">\r\n\t\t\t\t\t\t\t<\/div>\r\n\t\t\t\t\t\t<\/div>\r\n\r\n\t\t\t\t\t\t<div class=\"rse-grid\">\r\n\t\t\t\t\t\t\t<div class=\"rse-field\">\r\n\t\t\t\t\t\t\t\t<label>Sz\u00e1lloda \/ sz\u00e1ll\u00e1s<\/label>\r\n\t\t\t\t\t\t\t\t<input type=\"text\" name=\"hotel\" value=\"\">\r\n\t\t\t\t\t\t\t<\/div>\r\n\t\t\t\t\t\t\t<div class=\"rse-field\">\r\n\t\t\t\t\t\t\t\t<label>E-mail<\/label>\r\n\t\t\t\t\t\t\t\t<input type=\"email\" name=\"email\" value=\"\">\r\n\t\t\t\t\t\t\t<\/div>\r\n\t\t\t\t\t\t<\/div>\r\n\r\n\t\t\t\t\t\t<div class=\"rse-grid\">\r\n\t\t\t\t\t\t\t<div class=\"rse-field\">\r\n\t\t\t\t\t\t\t\t<label>Telefonsz\u00e1m<\/label>\r\n\t\t\t\t\t\t\t\t<input type=\"text\" name=\"phone\" value=\"\">\r\n\t\t\t\t\t\t\t<\/div>\r\n\t\t\t\t\t\t\t<div class=\"rse-field\">\r\n\t\t\t\t\t\t\t\t<label>Kiv\u00e1lasztott kir\u00e1ndul\u00e1s \/ szolg\u00e1ltat\u00e1s<\/label>\r\n\t\t\t\t\t\t\t\t<input type=\"text\" name=\"trip_name\" value=\"\">\r\n\t\t\t\t\t\t\t<\/div>\r\n\t\t\t\t\t\t<\/div>\r\n\r\n\t\t\t\t\t\t<div class=\"rse-sub\">A reklam\u00e1ci\u00f3 t\u00e1rgya<\/div>\r\n\r\n\t\t\t\t\t\t<div class=\"rse-field\">\r\n\t\t\t\t\t\t\t<label>\u00cdrja le a probl\u00e9m\u00e1t vagy a helyzetet<\/label>\r\n\t\t\t\t\t\t\t<textarea name=\"issue\" required><\/textarea>\r\n\t\t\t\t\t\t<\/div>\r\n\r\n\t\t\t\t\t\t<div class=\"rse-grid\">\r\n\t\t\t\t\t\t\t<div class=\"rse-field\">\r\n\t\t\t\t\t\t\t\t<label>D\u00e1tum<\/label>\r\n\t\t\t\t\t\t\t\t<input type=\"text\" name=\"claim_date\" value=\"05.05.2026\">\r\n\t\t\t\t\t\t\t<\/div>\r\n\t\t\t\t\t\t\t<div class=\"rse-field\">\r\n\t\t\t\t\t\t\t\t<label>Helysz\u00edn<\/label>\r\n\t\t\t\t\t\t\t\t<input type=\"text\" name=\"claim_place\" value=\"\">\r\n\t\t\t\t\t\t\t<\/div>\r\n\t\t\t\t\t\t<\/div>\r\n\r\n\t\t\t\t\t\t<div class=\"rse-field\">\r\n\t\t\t\t\t\t\t<label>Mell\u00e9kletek \/ f\u00e9nyk\u00e9pek<\/label>\r\n\t\t\t\t\t\t\t<input type=\"file\" name=\"claim_files[]\" multiple accept=\".jpg,.jpeg,.png,.pdf,.webp\">\r\n\t\t\t\t\t\t\t<div class=\"rse-small\">Enged\u00e9lyezett form\u00e1tumok: JPG, PNG, WEBP, PDF<\/div>\r\n\t\t\t\t\t\t<\/div>\r\n\r\n\t\t\t\t\t\t<div class=\"rse-note\">\r\n\t\t\t\t\t\t\t<p>Sz\u00fcks\u00e9g eset\u00e9n csatoljon tov\u00e1bbi oldalt, f\u00e9nyk\u00e9peket vagy m\u00e1s dokument\u00e1ci\u00f3t.<\/p>\r\n\t\t\t\t\t\t\t<p>A reklam\u00e1ci\u00f3t javasoljuk a lehet\u0151 leghamarabb jelezni, lehet\u0151leg a kir\u00e1ndul\u00e1s sor\u00e1n vagy k\u00f6zvetlen\u00fcl a probl\u00e9ma \u00e9szlel\u00e9se ut\u00e1n.<\/p>\r\n\t\t\t\t\t\t\t<p>A kit\u00f6lt\u00f6tt \u0171rlap ment\u00e9sre ker\u00fcl, PDF form\u00e1tumba gener\u00e1l\u00f3dik \u00e9s elk\u00fcld\u00e9sre ker\u00fcl az <strong>info@redseaelite.eu<\/strong> c\u00edmre.<\/p>\r\n\t\t\t\t\t\t<\/div>\r\n\r\n\t\t\t\t\t\t<div class=\"rse-toolbar\">\r\n\t\t\t\t\t\t\t<button type=\"submit\" class=\"rse-btn\">Reklam\u00e1ci\u00f3 elk\u00fcld\u00e9se<\/button>\r\n\t\t\t\t\t\t<\/div>\r\n\t\t\t\t\t<\/form>\r\n\t\t\t\t<\/div>\r\n\t\t\t<\/div>\r\n\t\t<\/div>\r\n\t\t<\/div>\n\t\t\t\t\t\t<\/div>\n\t\t\t\t\t<\/div>\n\t\t\t\t<\/div>\n\t\t\t\t<section class=\"elementor-section elementor-top-section elementor-element elementor-element-034f071 elementor-section-boxed elementor-section-height-default elementor-section-height-default\" data-id=\"034f071\" data-element_type=\"section\" data-e-type=\"section\" data-settings=\"{&quot;background_background&quot;:&quot;classic&quot;,&quot;background_motion_fx_motion_fx_scrolling&quot;:&quot;yes&quot;,&quot;background_motion_fx_scale_effect&quot;:&quot;yes&quot;,&quot;background_motion_fx_scale_direction&quot;:&quot;in-out&quot;,&quot;background_motion_fx_scale_speed&quot;:{&quot;unit&quot;:&quot;px&quot;,&quot;size&quot;:&quot;2&quot;,&quot;sizes&quot;:[]},&quot;background_motion_fx_devices&quot;:[&quot;desktop&quot;],&quot;background_motion_fx_scale_range&quot;:{&quot;unit&quot;:&quot;%&quot;,&quot;size&quot;:&quot;&quot;,&quot;sizes&quot;:{&quot;start&quot;:20,&quot;end&quot;:80}}}\">\n\t\t\t\t\t\t\t<div class=\"elementor-background-overlay\"><\/div>\n\t\t\t\t\t\t\t<div class=\"elementor-container elementor-column-gap-default\">\n\t\t\t\t\t<div class=\"elementor-column elementor-col-100 elementor-top-column elementor-element elementor-element-97dbda5\" data-id=\"97dbda5\" data-element_type=\"column\" data-e-type=\"column\">\n\t\t\t<div class=\"elementor-widget-wrap elementor-element-populated\">\n\t\t\t\t\t\t<section class=\"elementor-section elementor-inner-section elementor-element elementor-element-748c49b elementor-section-full_width elementor-section-content-middle elementor-section-height-default elementor-section-height-default\" data-id=\"748c49b\" data-element_type=\"section\" data-e-type=\"section\">\n\t\t\t\t\t\t<div class=\"elementor-container elementor-column-gap-default\">\n\t\t\t\t\t<div class=\"elementor-column elementor-col-50 elementor-inner-column elementor-element elementor-element-90958a6\" data-id=\"90958a6\" data-element_type=\"column\" data-e-type=\"column\">\n\t\t\t<div class=\"elementor-widget-wrap elementor-element-populated\">\n\t\t\t\t\t\t<div class=\"elementor-element elementor-element-c668936 elementor-widget elementor-widget-heading\" data-id=\"c668936\" data-element_type=\"widget\" data-e-type=\"widget\" data-widget_type=\"heading.default\">\n\t\t\t\t\t<h6 class=\"elementor-heading-title elementor-size-default\">Mi vagyunk a RedSeaElite<\/h6>\t\t\t\t<\/div>\n\t\t\t\t<div class=\"elementor-element elementor-element-01c01a9 elementor-widget__width-initial elementor-headline--style-highlight elementor-widget elementor-widget-animated-headline\" data-id=\"01c01a9\" data-element_type=\"widget\" data-e-type=\"widget\" data-settings=\"{&quot;marker&quot;:&quot;strikethrough&quot;,&quot;highlighted_text&quot;:&quot;szem\\u00e9lyes megk\\u00f6zel\\u00edt\\u00e9s &nbsp;&quot;,&quot;headline_style&quot;:&quot;highlight&quot;,&quot;loop&quot;:&quot;yes&quot;,&quot;highlight_animation_duration&quot;:1200,&quot;highlight_iteration_delay&quot;:8000}\" data-widget_type=\"animated-headline.default\">\n\t\t\t\t\t\t\t<h1 class=\"elementor-headline\">\n\t\t\t\t\t<span class=\"elementor-headline-plain-text elementor-headline-text-wrapper\">Mi erre \u00e9p\u00fcl\u00fcnk<\/span>\n\t\t\t\t<span class=\"elementor-headline-dynamic-wrapper elementor-headline-text-wrapper\">\n\t\t\t\t\t<span class=\"elementor-headline-dynamic-text elementor-headline-text-active\">szem\u00e9lyes megk\u00f6zel\u00edt\u00e9s &nbsp;<\/span>\n\t\t\t\t<\/span>\n\t\t\t\t\t<span class=\"elementor-headline-plain-text elementor-headline-text-wrapper\">a szolg\u00e1ltat\u00e1sok biztons\u00e1ga \u00e9s min\u0151s\u00e9ge.<\/span>\n\t\t\t\t\t<\/h1>\n\t\t\t\t\t\t<\/div>\n\t\t\t\t\t<\/div>\n\t\t<\/div>\n\t\t\t\t<div class=\"elementor-column elementor-col-50 elementor-inner-column elementor-element elementor-element-1db4503\" data-id=\"1db4503\" data-element_type=\"column\" data-e-type=\"column\">\n\t\t\t<div class=\"elementor-widget-wrap elementor-element-populated\">\n\t\t\t\t\t\t<div class=\"elementor-element elementor-element-3f14d14 elementor-widget elementor-widget-heading\" data-id=\"3f14d14\" data-element_type=\"widget\" data-e-type=\"widget\" data-widget_type=\"heading.default\">\n\t\t\t\t\t<p class=\"elementor-heading-title elementor-size-default\">Mi vagyunk a RedSEaElite, az EgyptGo s.r.o. t\u00e1mogat\u00e1s\u00e1val, egy olyan csapat, amely nemcsak katal\u00f3gusokb\u00f3l, hanem saj\u00e1t tapasztalataib\u00f3l is ismeri Egyiptomot. Egyiptomi utaz\u00e1sokra, \u00e9lm\u00e9nyekre \u00e9s utaz\u00e1si szolg\u00e1ltat\u00e1sokra specializ\u00e1l\u00f3dtunk, k\u00fcl\u00f6n\u00f6sen a n\u00e9pszer\u0171 \u00fati c\u00e9lra, Hurghad\u00e1ra \u00e9s k\u00f6rny\u00e9k\u00e9re.<\/p>\t\t\t\t<\/div>\n\t\t\t\t<div class=\"elementor-element elementor-element-13d5252 elementor-widget elementor-widget-heading\" data-id=\"13d5252\" data-element_type=\"widget\" data-e-type=\"widget\" data-widget_type=\"heading.default\">\n\t\t\t\t\t<p class=\"elementor-heading-title elementor-size-default\">\nC\u00e9lunk, hogy ne csak fot\u00f3kat vigyen mag\u00e1val nyaral\u00e1s\u00e1b\u00f3l \u2013 val\u00f3di \u00e9lm\u00e9nyeket, eml\u00e9keket \u00e9s azt az \u00e9rz\u00e9st, hogy j\u00f3 kezekben volt az els\u0151 kapcsolatfelv\u00e9telt\u0151l eg\u00e9szen a hazat\u00e9r\u00e9s\u00e9ig.<\/p>\t\t\t\t<\/div>\n\t\t\t\t\t<\/div>\n\t\t<\/div>\n\t\t\t\t\t<\/div>\n\t\t<\/section>\n\t\t\t\t<section class=\"elementor-section elementor-inner-section elementor-element elementor-element-c850fda elementor-section-full_width elementor-section-content-middle elementor-section-height-default elementor-section-height-default elementor-invisible\" data-id=\"c850fda\" data-element_type=\"section\" data-e-type=\"section\" data-settings=\"{&quot;background_background&quot;:&quot;classic&quot;,&quot;animation&quot;:&quot;fadeInUp&quot;}\">\n\t\t\t\t\t\t\t<div class=\"elementor-background-overlay\"><\/div>\n\t\t\t\t\t\t\t<div class=\"elementor-container elementor-column-gap-default\">\n\t\t\t\t\t<div class=\"elementor-column elementor-col-33 elementor-inner-column elementor-element elementor-element-a46ccfe\" data-id=\"a46ccfe\" data-element_type=\"column\" data-e-type=\"column\" data-settings=\"{&quot;background_background&quot;:&quot;classic&quot;,&quot;background_motion_fx_motion_fx_scrolling&quot;:&quot;yes&quot;,&quot;background_motion_fx_scale_effect&quot;:&quot;yes&quot;,&quot;background_motion_fx_devices&quot;:[&quot;desktop&quot;,&quot;laptop&quot;],&quot;background_motion_fx_scale_direction&quot;:&quot;out-in&quot;,&quot;background_motion_fx_scale_speed&quot;:{&quot;unit&quot;:&quot;px&quot;,&quot;size&quot;:4,&quot;sizes&quot;:[]},&quot;background_motion_fx_scale_range&quot;:{&quot;unit&quot;:&quot;%&quot;,&quot;size&quot;:&quot;&quot;,&quot;sizes&quot;:{&quot;start&quot;:20,&quot;end&quot;:80}}}\">\n\t\t\t<div class=\"elementor-widget-wrap elementor-element-populated\">\n\t\t\t\t\t\t<div class=\"elementor-element elementor-element-32a7bad elementor-widget elementor-widget-spacer\" data-id=\"32a7bad\" data-element_type=\"widget\" data-e-type=\"widget\" data-widget_type=\"spacer.default\">\n\t\t\t\t\t\t\t<div class=\"elementor-spacer\">\n\t\t\t<div class=\"elementor-spacer-inner\"><\/div>\n\t\t<\/div>\n\t\t\t\t\t\t<\/div>\n\t\t\t\t\t<\/div>\n\t\t<\/div>\n\t\t\t\t<div class=\"elementor-column elementor-col-33 elementor-inner-column elementor-element elementor-element-5b9ac7b\" data-id=\"5b9ac7b\" data-element_type=\"column\" data-e-type=\"column\">\n\t\t\t<div class=\"elementor-widget-wrap elementor-element-populated\">\n\t\t\t\t\t\t<div class=\"elementor-element elementor-element-b278730 elementor-widget elementor-widget-heading\" data-id=\"b278730\" data-element_type=\"widget\" data-e-type=\"widget\" data-widget_type=\"heading.default\">\n\t\t\t\t\t<h5 class=\"elementor-heading-title elementor-size-default\">Exkluz\u00edv utaz\u00e1si aj\u00e1nlatok<\/h5>\t\t\t\t<\/div>\n\t\t\t\t<div class=\"elementor-element elementor-element-f68f9f4 elementor-widget elementor-widget-heading\" data-id=\"f68f9f4\" data-element_type=\"widget\" data-e-type=\"widget\" data-widget_type=\"heading.default\">\n\t\t\t\t\t<h2 class=\"elementor-heading-title elementor-size-default\">A c\u00e9lunk nem az, hogy \u201eeladjunk egy utaz\u00e1st\u201d, hanem hogy olyan \u00e9lm\u00e9nyt teremts\u00fcnk, amelyre sz\u00edvesen fogsz eml\u00e9kezni.<\/h2>\t\t\t\t<\/div>\n\t\t\t\t\t<\/div>\n\t\t<\/div>\n\t\t\t\t<div class=\"elementor-column elementor-col-33 elementor-inner-column elementor-element elementor-element-ca07cf0\" data-id=\"ca07cf0\" data-element_type=\"column\" data-e-type=\"column\">\n\t\t\t<div class=\"elementor-widget-wrap elementor-element-populated\">\n\t\t\t\t\t\t<div class=\"elementor-element elementor-element-9a73cd9 elementor-align-right elementor-tablet-align-left elementor-mobile-align-center elementor-widget elementor-widget-button\" data-id=\"9a73cd9\" data-element_type=\"widget\" data-e-type=\"widget\" data-widget_type=\"button.default\">\n\t\t\t\t\t\t\t\t\t\t<a class=\"elementor-button elementor-button-link elementor-size-sm elementor-animation-skew\" href=\"https:\/\/www.redseaelite.eu\/hu\/destinations\/egyiptom-hurghada\/\">\n\t\t\t\t\t\t<span class=\"elementor-button-content-wrapper\">\n\t\t\t\t\t\t\t\t\t<span class=\"elementor-button-text\">AJ\u00c1NLAT HURGAD\u00c1BAN<\/span>\n\t\t\t\t\t<\/span>\n\t\t\t\t\t<\/a>\n\t\t\t\t\t\t\t\t<\/div>\n\t\t\t\t\t<\/div>\n\t\t<\/div>\n\t\t\t\t\t<\/div>\n\t\t<\/section>\n\t\t\t\t\t<\/div>\n\t\t<\/div>\n\t\t\t\t\t<\/div>\n\t\t<\/section>\n\t\t\t\t<\/div>\n\t\t","protected":false},"excerpt":{"rendered":"<p>Panaszok Mi vagyunk a RedSeaElite Mi erre \u00e9p\u00fcl\u00fcnk szem\u00e9lyes megk\u00f6zel\u00edt\u00e9s &nbsp; a szolg\u00e1ltat\u00e1sok biztons\u00e1ga \u00e9s min\u0151s\u00e9ge. Mi vagyunk a RedSEaElite, az EgyptGo s.r.o. t\u00e1mogat\u00e1s\u00e1val, egy olyan csapat, amely nemcsak katal\u00f3gusokb\u00f3l, hanem saj\u00e1t tapasztalataib\u00f3l is ismeri Egyiptomot. Egyiptomi utaz\u00e1sokra, \u00e9lm\u00e9nyekre \u00e9s utaz\u00e1si szolg\u00e1ltat\u00e1sokra specializ\u00e1l\u00f3dtunk, k\u00fcl\u00f6n\u00f6sen a n\u00e9pszer\u0171 \u00fati c\u00e9lra, Hurghad\u00e1ra \u00e9s k\u00f6rny\u00e9k\u00e9re. C\u00e9lunk, hogy ne csak [&hellip;]<\/p>\n","protected":false},"author":1,"featured_media":0,"parent":0,"menu_order":0,"comment_status":"closed","ping_status":"closed","template":"","meta":{"_acf_changed":false,"footnotes":""},"class_list":["post-9808","page","type-page","status-publish","hentry"],"acf":[],"_links":{"self":[{"href":"https:\/\/www.redseaelite.eu\/hu\/wp-json\/wp\/v2\/pages\/9808","targetHints":{"allow":["GET"]}}],"collection":[{"href":"https:\/\/www.redseaelite.eu\/hu\/wp-json\/wp\/v2\/pages"}],"about":[{"href":"https:\/\/www.redseaelite.eu\/hu\/wp-json\/wp\/v2\/types\/page"}],"author":[{"embeddable":true,"href":"https:\/\/www.redseaelite.eu\/hu\/wp-json\/wp\/v2\/users\/1"}],"replies":[{"embeddable":true,"href":"https:\/\/www.redseaelite.eu\/hu\/wp-json\/wp\/v2\/comments?post=9808"}],"version-history":[{"count":4,"href":"https:\/\/www.redseaelite.eu\/hu\/wp-json\/wp\/v2\/pages\/9808\/revisions"}],"predecessor-version":[{"id":9816,"href":"https:\/\/www.redseaelite.eu\/hu\/wp-json\/wp\/v2\/pages\/9808\/revisions\/9816"}],"wp:attachment":[{"href":"https:\/\/www.redseaelite.eu\/hu\/wp-json\/wp\/v2\/media?parent=9808"}],"curies":[{"name":"wp","href":"https:\/\/api.w.org\/{rel}","templated":true}]}}