{"id":9786,"date":"2026-03-11T00:17:14","date_gmt":"2026-03-10T23:17:14","guid":{"rendered":"https:\/\/www.redseaelite.eu\/ochrana-osobnych-udajov\/"},"modified":"2026-03-11T00:26:58","modified_gmt":"2026-03-10T23:26:58","slug":"szemelyes-adatok-vedelme","status":"publish","type":"page","link":"https:\/\/www.redseaelite.eu\/hu\/szemelyes-adatok-vedelme\/","title":{"rendered":"Szem\u00e9lyes adatok v\u00e9delme"},"content":{"rendered":"\t\t<div data-elementor-type=\"wp-page\" data-elementor-id=\"9786\" class=\"elementor elementor-9786 elementor-9778\" data-elementor-post-type=\"page\">\n\t\t\t\t\t\t<section class=\"elementor-section elementor-top-section elementor-element elementor-element-263ff5c elementor-section-stretched elementor-section-boxed elementor-section-height-default elementor-section-height-default\" data-id=\"263ff5c\" data-element_type=\"section\" data-e-type=\"section\" data-settings=\"{&quot;stretch_section&quot;:&quot;section-stretched&quot;,&quot;background_background&quot;:&quot;classic&quot;}\">\n\t\t\t\t\t\t\t<div class=\"elementor-background-overlay\"><\/div>\n\t\t\t\t\t\t\t<div class=\"elementor-container elementor-column-gap-default\">\n\t\t\t\t\t<div class=\"elementor-column elementor-col-100 elementor-top-column elementor-element elementor-element-d16f279\" data-id=\"d16f279\" data-element_type=\"column\" data-e-type=\"column\">\n\t\t\t<div class=\"elementor-widget-wrap elementor-element-populated\">\n\t\t\t\t\t\t<div class=\"elementor-element elementor-element-a995ae0 elementor-widget elementor-widget-heading\" data-id=\"a995ae0\" data-element_type=\"widget\" data-e-type=\"widget\" data-widget_type=\"heading.default\">\n\t\t\t\t\t<h1 class=\"elementor-heading-title elementor-size-default\">Szem\u00e9lyes adatok v\u00e9delme<\/h1>\t\t\t\t<\/div>\n\t\t\t\t\t<\/div>\n\t\t<\/div>\n\t\t\t\t\t<\/div>\n\t\t<\/section>\n\t\t<div class=\"elementor-element elementor-element-9af81b4 e-flex e-con-boxed e-con e-parent\" data-id=\"9af81b4\" data-element_type=\"container\" data-e-type=\"container\" data-settings=\"{&quot;background_background&quot;:&quot;classic&quot;}\">\n\t\t\t\t\t<div class=\"e-con-inner\">\n\t\t\t\t<div class=\"elementor-element elementor-element-896af93 elementor-widget elementor-widget-html\" data-id=\"896af93\" data-element_type=\"widget\" data-e-type=\"widget\" data-widget_type=\"html.default\">\n\t\t\t\t\t<style>\r\n.gdpr-wrap{\r\n  max-width:1400px;\r\n  margin:auto;\r\n  padding:40px 20px;\r\n  font-family:system-ui,-apple-system,Segoe UI,Roboto,Ubuntu,sans-serif;\r\n  line-height:1.75;\r\n  color:#1f2937;\r\n}\r\n.gdpr-header{\r\n  background:linear-gradient(135deg,#0f172a,#1e293b);\r\n  color:#fff !important;\r\n  padding:40px;\r\n  border-radius:16px;\r\n  margin-bottom:32px;\r\n  box-shadow:0 12px 35px rgba(15,23,42,.18);\r\n}\r\n.gdpr-header h2{\r\n  margin:0 0 10px;\r\n  color:#fff !important;\r\n  font-size:32px;\r\n  line-height:1.2;\r\n}\r\n.gdpr-header p{\r\n  margin:0;\r\n  color:rgba(255,255,255,.92);\r\n}\r\n.gdpr-nav{\r\n  display:flex;\r\n  flex-wrap:wrap;\r\n  gap:10px;\r\n  margin-bottom:32px;\r\n}\r\n.gdpr-nav a{\r\n  text-decoration:none;\r\n  background:#f1f5f9;\r\n  padding:9px 14px;\r\n  border-radius:999px;\r\n  font-size:14px;\r\n  color:#0f172a;\r\n  border:1px solid #e2e8f0;\r\n}\r\n.gdpr-card{\r\n  background:#fff;\r\n  border:1px solid #e5e7eb;\r\n  border-radius:16px;\r\n  padding:28px;\r\n  margin-bottom:24px;\r\n  box-shadow:0 8px 24px rgba(15,23,42,.05);\r\n}\r\n.gdpr-card h3{\r\n  margin:0 0 14px;\r\n  font-size:24px;\r\n  line-height:1.25;\r\n  color:#0f172a;\r\n}\r\n.gdpr-card p{\r\n  margin:0 0 14px;\r\n}\r\n.gdpr-card ul{\r\n  margin:0;\r\n  padding-left:22px;\r\n}\r\n.gdpr-card li{\r\n  margin:0 0 10px;\r\n}\r\n.gdpr-grid{\r\n  display:grid;\r\n  grid-template-columns:1fr 1fr;\r\n  gap:20px;\r\n}\r\n.gdpr-box{\r\n  background:#f8fafc;\r\n  border:1px solid #e2e8f0;\r\n  border-radius:14px;\r\n  padding:18px 18px 16px;\r\n}\r\n.gdpr-box h4{\r\n  margin:0 0 10px;\r\n  font-size:18px;\r\n  color:#0f172a;\r\n}\r\n.gdpr-note{\r\n  background:#fff7ed;\r\n  border-left:4px solid #f97316;\r\n  border-radius:10px;\r\n  padding:16px 18px;\r\n  margin-top:18px;\r\n}\r\n@media (max-width: 900px){\r\n  .gdpr-grid{\r\n    grid-template-columns:1fr;\r\n  }\r\n}\r\n<\/style>\r\n\r\n<div class=\"gdpr-wrap\">\r\n\r\n<div class=\"gdpr-header\">\r\n<h2>T\u00e1j\u00e9koztat\u00e1s a szem\u00e9lyes adatok marketing c\u00e9l\u00fa kezel\u00e9s\u00e9r\u0151l<\/h2>\r\n\r\n<p>\r\na <strong>www.redseaelite.eu<\/strong> weboldalhoz<br>\r\nAdatkezel\u0151: <strong>EgyptGo s.r.o.<\/strong><br>\r\nEmail: <strong>info@redseaelite.eu<\/strong>\r\n<\/p>\r\n<\/div>\r\n\r\n\r\n<div class=\"gdpr-nav\">\r\n<a href=\"#gdpr-prevadzkovatel\">Adatkezel\u0151<\/a>\r\n<a href=\"#gdpr-ucel\">C\u00e9l \u00e9s jogalap<\/a>\r\n<a href=\"#gdpr-rozsah\">Adatok k\u00f6re<\/a>\r\n<a href=\"#gdpr-prijemcovia\">C\u00edmzettek<\/a>\r\n<a href=\"#gdpr-doba\">Adatmeg\u0151rz\u00e9s ideje<\/a>\r\n<a href=\"#gdpr-prava\">Az \u00e9rintett jogai<\/a>\r\n<a href=\"#gdpr-odvolanie\">Hozz\u00e1j\u00e1rul\u00e1s visszavon\u00e1sa<\/a>\r\n<a href=\"#gdpr-kontakt\">Kapcsolat \/ panasz<\/a>\r\n<\/div>\r\n\r\n\r\n\r\n<section class=\"gdpr-card\" id=\"gdpr-prevadzkovatel\">\r\n<h3>1. Az adatkezel\u0151<\/h3>\r\n\r\n<p>\r\nA szem\u00e9lyes adatok kezel\u0151je:\r\n<\/p>\r\n\r\n<p>\r\n<strong>EgyptGo s.r.o.<\/strong><br>\r\nZohorsk\u00e1 673\/1<br>\r\n841 04 Bratislava<br>\r\nI\u010cO: 55 644 429<br>\r\nDI\u010c: 2122056266\r\n<\/p>\r\n\r\n<p>\r\nAz adatkezel\u0151 a <strong>www.redseaelite.eu<\/strong> weboldalt \u00fczemelteti,\r\n\u00e9s a szem\u00e9lyes adatokat az Eur\u00f3pai Uni\u00f3 \u00e1ltal\u00e1nos adatv\u00e9delmi rendelete\r\n(GDPR) \u00e9s a vonatkoz\u00f3 jogszab\u00e1lyok szerint kezeli.\r\n<\/p>\r\n<\/section>\r\n\r\n\r\n\r\n<section class=\"gdpr-card\" id=\"gdpr-ucel\">\r\n<h3>2. Az adatkezel\u00e9s c\u00e9lja \u00e9s jogalapja<\/h3>\r\n\r\n<p>\r\nHa \u00d6n hozz\u00e1j\u00e1rul\u00e1s\u00e1t adja, szem\u00e9lyes adatait az al\u00e1bbi marketing c\u00e9lokra haszn\u00e1lhatjuk:\r\n<\/p>\r\n\r\n<ul>\r\n<li>h\u00edrek \u00e9s prom\u00f3ci\u00f3s aj\u00e1nlatok k\u00fcld\u00e9se a Red Sea Elite szolg\u00e1ltat\u00e1sair\u00f3l,<\/li>\r\n<li>inform\u00e1ci\u00f3k k\u00fcld\u00e9se kir\u00e1ndul\u00e1sokr\u00f3l \u00e9s utaz\u00e1si lehet\u0151s\u00e9gekr\u0151l,<\/li>\r\n<li>\u00fcgyf\u00e9l-el\u00e9gedetts\u00e9gi felm\u00e9r\u00e9sek k\u00e9sz\u00edt\u00e9se.<\/li>\r\n<\/ul>\r\n\r\n<div class=\"gdpr-note\">\r\nAz adatkezel\u00e9s jogalapja az \u00d6n <strong>\u00f6nk\u00e9ntes hozz\u00e1j\u00e1rul\u00e1sa<\/strong>.\r\nA hozz\u00e1j\u00e1rul\u00e1s megad\u00e1sa nem felt\u00e9tele a szolg\u00e1ltat\u00e1s ig\u00e9nybev\u00e9tel\u00e9nek.\r\n<\/div>\r\n\r\n<\/section>\r\n\r\n\r\n\r\n<section class=\"gdpr-card\" id=\"gdpr-rozsah\">\r\n\r\n<h3>3. A kezelt szem\u00e9lyes adatok k\u00f6re<\/h3>\r\n\r\n<div class=\"gdpr-grid\">\r\n\r\n<div class=\"gdpr-box\">\r\n<h4>Kezelt adatok<\/h4>\r\n\r\n<ul>\r\n<li>n\u00e9v<\/li>\r\n<li>e-mail c\u00edm<\/li>\r\n<li>telefonsz\u00e1m<\/li>\r\n<li>\u00e9rdekl\u0151d\u00e9s a szolg\u00e1ltat\u00e1saink ir\u00e1nt<\/li>\r\n<li>vel\u00fcnk folytatott kommunik\u00e1ci\u00f3 adatai<\/li>\r\n<\/ul>\r\n<\/div>\r\n\r\n<div class=\"gdpr-box\">\r\n<h4>Az adatok forr\u00e1sa<\/h4>\r\n\r\n<ul>\r\n<li>k\u00f6zvetlen\u00fcl \u00d6nt\u0151l (foglal\u00e1si vagy kapcsolatfelv\u00e9teli \u0171rlap)<\/li>\r\n<li>weboldalunkon t\u00f6rt\u00e9n\u0151 regisztr\u00e1ci\u00f3<\/li>\r\n<li>kor\u00e1bbi kommunik\u00e1ci\u00f3 sor\u00e1n megadott adatok<\/li>\r\n<\/ul>\r\n\r\n<\/div>\r\n\r\n<\/div>\r\n\r\n<\/section>\r\n\r\n\r\n\r\n<section class=\"gdpr-card\" id=\"gdpr-prijemcovia\">\r\n\r\n<h3>4. Az adatok c\u00edmzettjei<\/h3>\r\n\r\n<p>\r\nSzem\u00e9lyes adatai az al\u00e1bbi kateg\u00f3ri\u00e1kba tartoz\u00f3 partnerek r\u00e9sz\u00e9re\r\nker\u00fclhetnek tov\u00e1bb\u00edt\u00e1sra:\r\n<\/p>\r\n\r\n<ul>\r\n\r\n<li>webhosting \u00e9s IT szolg\u00e1ltat\u00f3k<\/li>\r\n<li>email marketing vagy \u00fcgyf\u00e9lkommunik\u00e1ci\u00f3s rendszerek<\/li>\r\n<li>marketing \u00e9s analitikai szolg\u00e1ltat\u00f3k<\/li>\r\n<li>hat\u00f3s\u00e1gok, ha ezt jogszab\u00e1ly el\u0151\u00edrja<\/li>\r\n\r\n<\/ul>\r\n\r\n<p>\r\nHa szem\u00e9lyes adatokat az Eur\u00f3pai Gazdas\u00e1gi T\u00e9rs\u00e9gen k\u00edv\u00fcli orsz\u00e1gba\r\ntov\u00e1bb\u00edtunk, az adatkezel\u0151 biztos\u00edtja a GDPR szerinti megfelel\u0151 garanci\u00e1kat.\r\n<\/p>\r\n\r\n<\/section>\r\n\r\n\r\n\r\n<section class=\"gdpr-card\" id=\"gdpr-doba\">\r\n\r\n<h3>5. Az adatok meg\u0151rz\u00e9si ideje<\/h3>\r\n\r\n<p>\r\nA marketing c\u00e9lb\u00f3l kezelt adatokat a hozz\u00e1j\u00e1rul\u00e1s visszavon\u00e1s\u00e1ig,\r\nlegfeljebb <strong>3 \u00e9vig az utols\u00f3 marketing interakci\u00f3t\u00f3l sz\u00e1m\u00edtva<\/strong>\r\n\u0151rizz\u00fck meg.\r\n<\/p>\r\n\r\n<p>\r\nEzt k\u00f6vet\u0151en az adatokat t\u00f6r\u00f6lj\u00fck vagy anonimiz\u00e1ljuk.\r\n<\/p>\r\n\r\n<\/section>\r\n\r\n\r\n\r\n<section class=\"gdpr-card\" id=\"gdpr-prava\">\r\n\r\n<h3>6. Az \u00e9rintett jogai<\/h3>\r\n\r\n<p>\u00d6n jogosult:<\/p>\r\n\r\n<ul>\r\n\r\n<li>t\u00e1j\u00e9koztat\u00e1st k\u00e9rni a szem\u00e9lyes adatok kezel\u00e9s\u00e9r\u0151l<\/li>\r\n<li>hozz\u00e1f\u00e9rni szem\u00e9lyes adataihoz<\/li>\r\n<li>helyesb\u00edt\u00e9st k\u00e9rni<\/li>\r\n<li>t\u00f6rl\u00e9st k\u00e9rni (bizonyos felt\u00e9telek eset\u00e9n)<\/li>\r\n<li>korl\u00e1tozni az adatkezel\u00e9st<\/li>\r\n<li>adatainak hordozhat\u00f3s\u00e1g\u00e1t k\u00e9rni<\/li>\r\n<li>b\u00e1rmikor visszavonni hozz\u00e1j\u00e1rul\u00e1s\u00e1t<\/li>\r\n<li>tiltakozni a k\u00f6zvetlen marketing ellen<\/li>\r\n\r\n<\/ul>\r\n\r\n<div class=\"gdpr-note\">\r\nHa tiltakozik a k\u00f6zvetlen marketing ellen,\r\nszem\u00e9lyes adatait ilyen c\u00e9lra t\u00f6bb\u00e9 nem haszn\u00e1ljuk.\r\n<\/div>\r\n\r\n<\/section>\r\n\r\n\r\n\r\n<section class=\"gdpr-card\" id=\"gdpr-odvolanie\">\r\n\r\n<h3>7. A hozz\u00e1j\u00e1rul\u00e1s visszavon\u00e1sa<\/h3>\r\n\r\n<p>\r\nA marketing c\u00e9l\u00fa adatkezel\u00e9shez adott hozz\u00e1j\u00e1rul\u00e1s\u00e1t\r\n<strong>b\u00e1rmikor visszavonhatja<\/strong>.\r\n<\/p>\r\n\r\n<p>\r\nEzt megteheti:\r\n<\/p>\r\n\r\n<ul>\r\n<li>a marketing e-mailekben tal\u00e1lhat\u00f3 leiratkoz\u00e1si link seg\u00edts\u00e9g\u00e9vel<\/li>\r\n<li>e-mailben: <strong>info@redseaelite.eu<\/strong><\/li>\r\n<li>\u00edr\u00e1sban az adatkezel\u0151 sz\u00e9khely\u00e9re k\u00fcld\u00f6tt lev\u00e9lben<\/li>\r\n<\/ul>\r\n\r\n<\/section>\r\n\r\n\r\n\r\n<section class=\"gdpr-card\" id=\"gdpr-kontakt\">\r\n\r\n<h3>8. Kapcsolat \u00e9s panasz<\/h3>\r\n\r\n<p>\r\nAdatv\u00e9delemmel kapcsolatos k\u00e9rd\u00e9s eset\u00e9n\r\nvegye fel vel\u00fcnk a kapcsolatot:\r\n<strong>info@redseaelite.eu<\/strong>\r\n<\/p>\r\n\r\n<p>\r\nPanasz\u00e1val fordulhat a fel\u00fcgyeleti hat\u00f3s\u00e1ghoz:\r\n<\/p>\r\n\r\n<p>\r\n<strong>\u00darad na ochranu osobn\u00fdch \u00fadajov SR<\/strong><br>\r\nN\u00e1mestie 1. m\u00e1ja 18<br>\r\n811 06 Bratislava<br>\r\nSzlov\u00e1kia\r\n<\/p>\r\n\r\n<\/section>\r\n\r\n\r\n\r\n<div class=\"gdpr-note\">\r\n\u00c9rv\u00e9nyess\u00e9g kezdete: <strong>2026.03.01<\/strong><br>\r\nWeb: <strong>www.redseaelite.eu<\/strong><br>\r\nAdatkezel\u0151: <strong>EgyptGo s.r.o.<\/strong>\r\n<\/div>\r\n\r\n<\/div>\t\t\t\t<\/div>\n\t\t\t\t\t<\/div>\n\t\t\t\t<\/div>\n\t\t\t\t<section class=\"elementor-section elementor-top-section elementor-element elementor-element-eb45e7c elementor-section-boxed elementor-section-height-default elementor-section-height-default\" data-id=\"eb45e7c\" data-element_type=\"section\" data-e-type=\"section\" data-settings=\"{&quot;background_background&quot;:&quot;classic&quot;,&quot;background_motion_fx_motion_fx_scrolling&quot;:&quot;yes&quot;,&quot;background_motion_fx_scale_effect&quot;:&quot;yes&quot;,&quot;background_motion_fx_scale_direction&quot;:&quot;in-out&quot;,&quot;background_motion_fx_scale_speed&quot;:{&quot;unit&quot;:&quot;px&quot;,&quot;size&quot;:&quot;2&quot;,&quot;sizes&quot;:[]},&quot;background_motion_fx_devices&quot;:[&quot;desktop&quot;],&quot;background_motion_fx_scale_range&quot;:{&quot;unit&quot;:&quot;%&quot;,&quot;size&quot;:&quot;&quot;,&quot;sizes&quot;:{&quot;start&quot;:20,&quot;end&quot;:80}}}\">\n\t\t\t\t\t\t\t<div class=\"elementor-background-overlay\"><\/div>\n\t\t\t\t\t\t\t<div class=\"elementor-container elementor-column-gap-default\">\n\t\t\t\t\t<div class=\"elementor-column elementor-col-100 elementor-top-column elementor-element elementor-element-c359d7a\" data-id=\"c359d7a\" data-element_type=\"column\" data-e-type=\"column\">\n\t\t\t<div class=\"elementor-widget-wrap elementor-element-populated\">\n\t\t\t\t\t\t<section class=\"elementor-section elementor-inner-section elementor-element elementor-element-905c217 elementor-section-full_width elementor-section-content-middle elementor-section-height-default elementor-section-height-default\" data-id=\"905c217\" data-element_type=\"section\" data-e-type=\"section\">\n\t\t\t\t\t\t<div class=\"elementor-container elementor-column-gap-default\">\n\t\t\t\t\t<div class=\"elementor-column elementor-col-50 elementor-inner-column elementor-element elementor-element-e302321\" data-id=\"e302321\" data-element_type=\"column\" data-e-type=\"column\">\n\t\t\t<div class=\"elementor-widget-wrap elementor-element-populated\">\n\t\t\t\t\t\t<div class=\"elementor-element elementor-element-9a8eee7 elementor-widget elementor-widget-heading\" data-id=\"9a8eee7\" data-element_type=\"widget\" data-e-type=\"widget\" data-widget_type=\"heading.default\">\n\t\t\t\t\t<h6 class=\"elementor-heading-title elementor-size-default\">Mi vagyunk a RedSeaElite<\/h6>\t\t\t\t<\/div>\n\t\t\t\t<div class=\"elementor-element elementor-element-e3ab294 elementor-widget__width-initial elementor-headline--style-highlight elementor-widget elementor-widget-animated-headline\" data-id=\"e3ab294\" data-element_type=\"widget\" data-e-type=\"widget\" data-settings=\"{&quot;marker&quot;:&quot;strikethrough&quot;,&quot;highlighted_text&quot;:&quot;szem\\u00e9lyes megk\\u00f6zel\\u00edt\\u00e9s &nbsp;&quot;,&quot;headline_style&quot;:&quot;highlight&quot;,&quot;loop&quot;:&quot;yes&quot;,&quot;highlight_animation_duration&quot;:1200,&quot;highlight_iteration_delay&quot;:8000}\" data-widget_type=\"animated-headline.default\">\n\t\t\t\t\t\t\t<h1 class=\"elementor-headline\">\n\t\t\t\t\t<span class=\"elementor-headline-plain-text elementor-headline-text-wrapper\">Mi erre \u00e9p\u00fcl\u00fcnk<\/span>\n\t\t\t\t<span class=\"elementor-headline-dynamic-wrapper elementor-headline-text-wrapper\">\n\t\t\t\t\t<span class=\"elementor-headline-dynamic-text elementor-headline-text-active\">szem\u00e9lyes megk\u00f6zel\u00edt\u00e9s &nbsp;<\/span>\n\t\t\t\t<\/span>\n\t\t\t\t\t<span class=\"elementor-headline-plain-text elementor-headline-text-wrapper\">a szolg\u00e1ltat\u00e1sok biztons\u00e1ga \u00e9s min\u0151s\u00e9ge.<\/span>\n\t\t\t\t\t<\/h1>\n\t\t\t\t\t\t<\/div>\n\t\t\t\t\t<\/div>\n\t\t<\/div>\n\t\t\t\t<div class=\"elementor-column elementor-col-50 elementor-inner-column elementor-element elementor-element-fcd2230\" data-id=\"fcd2230\" data-element_type=\"column\" data-e-type=\"column\">\n\t\t\t<div class=\"elementor-widget-wrap elementor-element-populated\">\n\t\t\t\t\t\t<div class=\"elementor-element elementor-element-e4f2f26 elementor-widget elementor-widget-heading\" data-id=\"e4f2f26\" data-element_type=\"widget\" data-e-type=\"widget\" data-widget_type=\"heading.default\">\n\t\t\t\t\t<p class=\"elementor-heading-title elementor-size-default\">Mi vagyunk a RedSEaElite, az EgyptGo s.r.o. t\u00e1mogat\u00e1s\u00e1val, egy olyan csapat, amely nemcsak katal\u00f3gusokb\u00f3l, hanem saj\u00e1t tapasztalataib\u00f3l is ismeri Egyiptomot. Egyiptomi utaz\u00e1sokra, \u00e9lm\u00e9nyekre \u00e9s utaz\u00e1si szolg\u00e1ltat\u00e1sokra specializ\u00e1l\u00f3dtunk, k\u00fcl\u00f6n\u00f6sen a n\u00e9pszer\u0171 \u00fati c\u00e9lra, Hurghad\u00e1ra \u00e9s k\u00f6rny\u00e9k\u00e9re.<\/p>\t\t\t\t<\/div>\n\t\t\t\t<div class=\"elementor-element elementor-element-eb6d5bf elementor-widget elementor-widget-heading\" data-id=\"eb6d5bf\" data-element_type=\"widget\" data-e-type=\"widget\" data-widget_type=\"heading.default\">\n\t\t\t\t\t<p class=\"elementor-heading-title elementor-size-default\">\nC\u00e9lunk, hogy ne csak fot\u00f3kat vigyen mag\u00e1val nyaral\u00e1s\u00e1b\u00f3l \u2013 val\u00f3di \u00e9lm\u00e9nyeket, eml\u00e9keket \u00e9s azt az \u00e9rz\u00e9st, hogy j\u00f3 kezekben volt az els\u0151 kapcsolatfelv\u00e9telt\u0151l eg\u00e9szen a hazat\u00e9r\u00e9s\u00e9ig.<\/p>\t\t\t\t<\/div>\n\t\t\t\t\t<\/div>\n\t\t<\/div>\n\t\t\t\t\t<\/div>\n\t\t<\/section>\n\t\t\t\t<section class=\"elementor-section elementor-inner-section elementor-element elementor-element-fbd291b elementor-section-full_width elementor-section-content-middle elementor-section-height-default elementor-section-height-default elementor-invisible\" data-id=\"fbd291b\" data-element_type=\"section\" data-e-type=\"section\" data-settings=\"{&quot;background_background&quot;:&quot;classic&quot;,&quot;animation&quot;:&quot;fadeInUp&quot;}\">\n\t\t\t\t\t\t\t<div class=\"elementor-background-overlay\"><\/div>\n\t\t\t\t\t\t\t<div class=\"elementor-container elementor-column-gap-default\">\n\t\t\t\t\t<div class=\"elementor-column elementor-col-33 elementor-inner-column elementor-element elementor-element-6677636\" data-id=\"6677636\" data-element_type=\"column\" data-e-type=\"column\" data-settings=\"{&quot;background_background&quot;:&quot;classic&quot;,&quot;background_motion_fx_motion_fx_scrolling&quot;:&quot;yes&quot;,&quot;background_motion_fx_scale_effect&quot;:&quot;yes&quot;,&quot;background_motion_fx_devices&quot;:[&quot;desktop&quot;,&quot;laptop&quot;],&quot;background_motion_fx_scale_direction&quot;:&quot;out-in&quot;,&quot;background_motion_fx_scale_speed&quot;:{&quot;unit&quot;:&quot;px&quot;,&quot;size&quot;:4,&quot;sizes&quot;:[]},&quot;background_motion_fx_scale_range&quot;:{&quot;unit&quot;:&quot;%&quot;,&quot;size&quot;:&quot;&quot;,&quot;sizes&quot;:{&quot;start&quot;:20,&quot;end&quot;:80}}}\">\n\t\t\t<div class=\"elementor-widget-wrap elementor-element-populated\">\n\t\t\t\t\t\t<div class=\"elementor-element elementor-element-ec6da95 elementor-widget elementor-widget-spacer\" data-id=\"ec6da95\" data-element_type=\"widget\" data-e-type=\"widget\" data-widget_type=\"spacer.default\">\n\t\t\t\t\t\t\t<div class=\"elementor-spacer\">\n\t\t\t<div class=\"elementor-spacer-inner\"><\/div>\n\t\t<\/div>\n\t\t\t\t\t\t<\/div>\n\t\t\t\t\t<\/div>\n\t\t<\/div>\n\t\t\t\t<div class=\"elementor-column elementor-col-33 elementor-inner-column elementor-element elementor-element-eac0bb2\" data-id=\"eac0bb2\" data-element_type=\"column\" data-e-type=\"column\">\n\t\t\t<div class=\"elementor-widget-wrap elementor-element-populated\">\n\t\t\t\t\t\t<div class=\"elementor-element elementor-element-ab469a5 elementor-widget elementor-widget-heading\" data-id=\"ab469a5\" data-element_type=\"widget\" data-e-type=\"widget\" data-widget_type=\"heading.default\">\n\t\t\t\t\t<h5 class=\"elementor-heading-title elementor-size-default\">Exkluz\u00edv utaz\u00e1si aj\u00e1nlatok<\/h5>\t\t\t\t<\/div>\n\t\t\t\t<div class=\"elementor-element elementor-element-7f02737 elementor-widget elementor-widget-heading\" data-id=\"7f02737\" data-element_type=\"widget\" data-e-type=\"widget\" data-widget_type=\"heading.default\">\n\t\t\t\t\t<h2 class=\"elementor-heading-title elementor-size-default\">A c\u00e9lunk nem az, hogy \u201eeladjunk egy utaz\u00e1st\u201d, hanem hogy olyan \u00e9lm\u00e9nyt teremts\u00fcnk, amelyre sz\u00edvesen fogsz eml\u00e9kezni.<\/h2>\t\t\t\t<\/div>\n\t\t\t\t\t<\/div>\n\t\t<\/div>\n\t\t\t\t<div class=\"elementor-column elementor-col-33 elementor-inner-column elementor-element elementor-element-9294667\" data-id=\"9294667\" data-element_type=\"column\" data-e-type=\"column\">\n\t\t\t<div class=\"elementor-widget-wrap elementor-element-populated\">\n\t\t\t\t\t\t<div class=\"elementor-element elementor-element-231c739 elementor-align-right elementor-tablet-align-left elementor-mobile-align-center elementor-widget elementor-widget-button\" data-id=\"231c739\" data-element_type=\"widget\" data-e-type=\"widget\" data-widget_type=\"button.default\">\n\t\t\t\t\t\t\t\t\t\t<a class=\"elementor-button elementor-button-link elementor-size-sm elementor-animation-skew\" href=\"https:\/\/www.redseaelite.eu\/hu\/destinations\/egyiptom-hurghada\/\">\n\t\t\t\t\t\t<span class=\"elementor-button-content-wrapper\">\n\t\t\t\t\t\t\t\t\t<span class=\"elementor-button-text\">AJ\u00c1NLAT HURGAD\u00c1BAN<\/span>\n\t\t\t\t\t<\/span>\n\t\t\t\t\t<\/a>\n\t\t\t\t\t\t\t\t<\/div>\n\t\t\t\t\t<\/div>\n\t\t<\/div>\n\t\t\t\t\t<\/div>\n\t\t<\/section>\n\t\t\t\t\t<\/div>\n\t\t<\/div>\n\t\t\t\t\t<\/div>\n\t\t<\/section>\n\t\t\t\t<\/div>\n\t\t","protected":false},"excerpt":{"rendered":"<p>Szem\u00e9lyes adatok v\u00e9delme T\u00e1j\u00e9koztat\u00e1s a szem\u00e9lyes adatok marketing c\u00e9l\u00fa kezel\u00e9s\u00e9r\u0151l a www.redseaelite.eu weboldalhoz Adatkezel\u0151: EgyptGo s.r.o. Email: info@redseaelite.eu Adatkezel\u0151 C\u00e9l \u00e9s jogalap Adatok k\u00f6re C\u00edmzettek Adatmeg\u0151rz\u00e9s ideje Az \u00e9rintett jogai Hozz\u00e1j\u00e1rul\u00e1s visszavon\u00e1sa Kapcsolat \/ panasz 1. Az adatkezel\u0151 A szem\u00e9lyes adatok kezel\u0151je: EgyptGo s.r.o. Zohorsk\u00e1 673\/1 841 04 Bratislava I\u010cO: 55 644 429 DI\u010c: 2122056266 [&hellip;]<\/p>\n","protected":false},"author":1,"featured_media":0,"parent":0,"menu_order":0,"comment_status":"closed","ping_status":"closed","template":"","meta":{"_acf_changed":false,"footnotes":""},"class_list":["post-9786","page","type-page","status-publish","hentry"],"acf":[],"_links":{"self":[{"href":"https:\/\/www.redseaelite.eu\/hu\/wp-json\/wp\/v2\/pages\/9786","targetHints":{"allow":["GET"]}}],"collection":[{"href":"https:\/\/www.redseaelite.eu\/hu\/wp-json\/wp\/v2\/pages"}],"about":[{"href":"https:\/\/www.redseaelite.eu\/hu\/wp-json\/wp\/v2\/types\/page"}],"author":[{"embeddable":true,"href":"https:\/\/www.redseaelite.eu\/hu\/wp-json\/wp\/v2\/users\/1"}],"replies":[{"embeddable":true,"href":"https:\/\/www.redseaelite.eu\/hu\/wp-json\/wp\/v2\/comments?post=9786"}],"version-history":[{"count":7,"href":"https:\/\/www.redseaelite.eu\/hu\/wp-json\/wp\/v2\/pages\/9786\/revisions"}],"predecessor-version":[{"id":9794,"href":"https:\/\/www.redseaelite.eu\/hu\/wp-json\/wp\/v2\/pages\/9786\/revisions\/9794"}],"wp:attachment":[{"href":"https:\/\/www.redseaelite.eu\/hu\/wp-json\/wp\/v2\/media?parent=9786"}],"curies":[{"name":"wp","href":"https:\/\/api.w.org\/{rel}","templated":true}]}}