{"id":8414,"date":"2023-04-20T08:58:28","date_gmt":"2023-04-20T06:58:28","guid":{"rendered":"https:\/\/www.redseaelite.eu\/kontakt\/"},"modified":"2026-03-07T07:27:15","modified_gmt":"2026-03-07T06:27:15","slug":"kapcsolat","status":"publish","type":"page","link":"https:\/\/www.redseaelite.eu\/hu\/kapcsolat\/","title":{"rendered":"Kapcsolat"},"content":{"rendered":"\t\t<div data-elementor-type=\"wp-page\" data-elementor-id=\"8414\" class=\"elementor elementor-8414 elementor-5154\" data-elementor-post-type=\"page\">\n\t\t\t\t\t\t<section class=\"elementor-section elementor-top-section elementor-element elementor-element-62a9df8 elementor-section-stretched elementor-section-boxed elementor-section-height-default elementor-section-height-default\" data-id=\"62a9df8\" data-element_type=\"section\" data-e-type=\"section\" data-settings=\"{&quot;stretch_section&quot;:&quot;section-stretched&quot;,&quot;background_background&quot;:&quot;classic&quot;}\">\n\t\t\t\t\t\t\t<div class=\"elementor-background-overlay\"><\/div>\n\t\t\t\t\t\t\t<div class=\"elementor-container elementor-column-gap-default\">\n\t\t\t\t\t<div class=\"elementor-column elementor-col-100 elementor-top-column elementor-element elementor-element-2f60498\" data-id=\"2f60498\" data-element_type=\"column\" data-e-type=\"column\">\n\t\t\t<div class=\"elementor-widget-wrap elementor-element-populated\">\n\t\t\t\t\t\t<div class=\"elementor-element elementor-element-5311c43 elementor-widget elementor-widget-heading\" data-id=\"5311c43\" data-element_type=\"widget\" data-e-type=\"widget\" data-widget_type=\"heading.default\">\n\t\t\t\t\t<h1 class=\"elementor-heading-title elementor-size-default\">Kapcsolat<\/h1>\t\t\t\t<\/div>\n\t\t\t\t\t<\/div>\n\t\t<\/div>\n\t\t\t\t\t<\/div>\n\t\t<\/section>\n\t\t\t\t<section class=\"elementor-section elementor-top-section elementor-element elementor-element-25126aa4 elementor-section-boxed elementor-section-height-default elementor-section-height-default\" data-id=\"25126aa4\" data-element_type=\"section\" data-e-type=\"section\" data-settings=\"{&quot;background_background&quot;:&quot;classic&quot;}\">\n\t\t\t\t\t\t\t<div class=\"elementor-background-overlay\"><\/div>\n\t\t\t\t\t\t\t<div class=\"elementor-container elementor-column-gap-default\">\n\t\t\t\t\t<div class=\"elementor-column elementor-col-33 elementor-top-column elementor-element elementor-element-b280f9 elementor-invisible\" data-id=\"b280f9\" data-element_type=\"column\" data-e-type=\"column\" data-settings=\"{&quot;animation&quot;:&quot;fadeIn&quot;}\">\n\t\t\t<div class=\"elementor-widget-wrap elementor-element-populated\">\n\t\t\t\t\t\t<div class=\"elementor-element elementor-element-4a789c79 elementor-view-stacked elementor-position-inline-start elementor-shape-circle elementor-mobile-position-block-start elementor-widget elementor-widget-icon-box\" data-id=\"4a789c79\" data-element_type=\"widget\" data-e-type=\"widget\" data-widget_type=\"icon-box.default\">\n\t\t\t\t\t\t\t<div class=\"elementor-icon-box-wrapper\">\n\n\t\t\t\t\t\t<div class=\"elementor-icon-box-icon\">\n\t\t\t\t<span  class=\"elementor-icon elementor-animation-buzz-out\">\n\t\t\t\t\t\t\t\t<\/span>\n\t\t\t<\/div>\n\t\t\t\n\t\t\t\t\t\t<div class=\"elementor-icon-box-content\">\n\n\t\t\t\t\t\t\t\t\t<h4 class=\"elementor-icon-box-title\">\n\t\t\t\t\t\t<span  >\n\t\t\t\t\t\t\tC\u00e9g telephelye\t\t\t\t\t\t<\/span>\n\t\t\t\t\t<\/h4>\n\t\t\t\t\n\t\t\t\t\n\t\t\t<\/div>\n\t\t\t\n\t\t<\/div>\n\t\t\t\t\t\t<\/div>\n\t\t\t\t<div class=\"elementor-element elementor-element-392beb78 elementor-widget elementor-widget-heading\" data-id=\"392beb78\" data-element_type=\"widget\" data-e-type=\"widget\" data-widget_type=\"heading.default\">\n\t\t\t\t\t<h5 class=\"elementor-heading-title elementor-size-default\">Utaz\u00e1si iroda<\/h5>\t\t\t\t<\/div>\n\t\t\t\t<div class=\"elementor-element elementor-element-2ee45150 elementor-widget elementor-widget-heading\" data-id=\"2ee45150\" data-element_type=\"widget\" data-e-type=\"widget\" data-widget_type=\"heading.default\">\n\t\t\t\t\t<p class=\"elementor-heading-title elementor-size-default\"><b>EgyptGo s.r.o. <\/b> Bohrova 3429\/1 <\/p>\t\t\t\t<\/div>\n\t\t\t\t<div class=\"elementor-element elementor-element-145489d2 elementor-widget elementor-widget-heading\" data-id=\"145489d2\" data-element_type=\"widget\" data-e-type=\"widget\" data-widget_type=\"heading.default\">\n\t\t\t\t\t<p class=\"elementor-heading-title elementor-size-default\">Bratislava - Petr\u017ealka 851 01<\/p>\t\t\t\t<\/div>\n\t\t\t\t\t<\/div>\n\t\t<\/div>\n\t\t\t\t<div class=\"elementor-column elementor-col-33 elementor-top-column elementor-element elementor-element-d60e889 elementor-invisible\" data-id=\"d60e889\" data-element_type=\"column\" data-e-type=\"column\" data-settings=\"{&quot;animation&quot;:&quot;fadeIn&quot;,&quot;animation_delay&quot;:&quot;150&quot;}\">\n\t\t\t<div class=\"elementor-widget-wrap elementor-element-populated\">\n\t\t\t\t\t\t<div class=\"elementor-element elementor-element-279f0f3c elementor-view-stacked elementor-position-inline-start elementor-shape-circle elementor-mobile-position-block-start elementor-widget elementor-widget-icon-box\" data-id=\"279f0f3c\" data-element_type=\"widget\" data-e-type=\"widget\" data-widget_type=\"icon-box.default\">\n\t\t\t\t\t\t\t<div class=\"elementor-icon-box-wrapper\">\n\n\t\t\t\t\t\t<div class=\"elementor-icon-box-icon\">\n\t\t\t\t<span  class=\"elementor-icon elementor-animation-buzz-out\">\n\t\t\t\t\t\t\t\t<\/span>\n\t\t\t<\/div>\n\t\t\t\n\t\t\t\t\t\t<div class=\"elementor-icon-box-content\">\n\n\t\t\t\t\t\t\t\t\t<h4 class=\"elementor-icon-box-title\">\n\t\t\t\t\t\t<span  >\n\t\t\t\t\t\t\tH\u00edvjon minket\t\t\t\t\t\t<\/span>\n\t\t\t\t\t<\/h4>\n\t\t\t\t\n\t\t\t\t\n\t\t\t<\/div>\n\t\t\t\n\t\t<\/div>\n\t\t\t\t\t\t<\/div>\n\t\t\t\t<div class=\"elementor-element elementor-element-6758fbf4 elementor-widget elementor-widget-heading\" data-id=\"6758fbf4\" data-element_type=\"widget\" data-e-type=\"widget\" data-widget_type=\"heading.default\">\n\t\t\t\t\t<h5 class=\"elementor-heading-title elementor-size-default\">Gyors kapcsolatfelv\u00e9tel:<\/h5>\t\t\t\t<\/div>\n\t\t\t\t<div class=\"elementor-element elementor-element-374e5a40 elementor-widget elementor-widget-heading\" data-id=\"374e5a40\" data-element_type=\"widget\" data-e-type=\"widget\" data-widget_type=\"heading.default\">\n\t\t\t\t\t<p class=\"elementor-heading-title elementor-size-default\"><b>Mgr. Ilias Tom\u00e1\u0161<\/b>\n<\/p>\t\t\t\t<\/div>\n\t\t\t\t<div class=\"elementor-element elementor-element-16e2b7c7 elementor-widget elementor-widget-heading\" data-id=\"16e2b7c7\" data-element_type=\"widget\" data-e-type=\"widget\" data-widget_type=\"heading.default\">\n\t\t\t\t\t<p class=\"elementor-heading-title elementor-size-default\"><a href=\"tel:+421901737155\">+421 901 737 155<\/a><\/p>\t\t\t\t<\/div>\n\t\t\t\t\t<\/div>\n\t\t<\/div>\n\t\t\t\t<div class=\"elementor-column elementor-col-33 elementor-top-column elementor-element elementor-element-2d0c759d elementor-invisible\" data-id=\"2d0c759d\" data-element_type=\"column\" data-e-type=\"column\" data-settings=\"{&quot;animation&quot;:&quot;fadeIn&quot;,&quot;animation_delay&quot;:&quot;300&quot;}\">\n\t\t\t<div class=\"elementor-widget-wrap elementor-element-populated\">\n\t\t\t\t\t\t<div class=\"elementor-element elementor-element-7b6ae623 elementor-view-stacked elementor-position-inline-start elementor-shape-circle elementor-mobile-position-block-start elementor-widget elementor-widget-icon-box\" data-id=\"7b6ae623\" data-element_type=\"widget\" data-e-type=\"widget\" data-widget_type=\"icon-box.default\">\n\t\t\t\t\t\t\t<div class=\"elementor-icon-box-wrapper\">\n\n\t\t\t\t\t\t<div class=\"elementor-icon-box-icon\">\n\t\t\t\t<span  class=\"elementor-icon elementor-animation-buzz-out\">\n\t\t\t\t\t\t\t\t<\/span>\n\t\t\t<\/div>\n\t\t\t\n\t\t\t\t\t\t<div class=\"elementor-icon-box-content\">\n\n\t\t\t\t\t\t\t\t\t<h4 class=\"elementor-icon-box-title\">\n\t\t\t\t\t\t<span  >\n\t\t\t\t\t\t\tK\u00e9rdezz b\u00e1rmit\t\t\t\t\t\t<\/span>\n\t\t\t\t\t<\/h4>\n\t\t\t\t\n\t\t\t\t\n\t\t\t<\/div>\n\t\t\t\n\t\t<\/div>\n\t\t\t\t\t\t<\/div>\n\t\t\t\t<div class=\"elementor-element elementor-element-32654551 elementor-widget elementor-widget-heading\" data-id=\"32654551\" data-element_type=\"widget\" data-e-type=\"widget\" data-widget_type=\"heading.default\">\n\t\t\t\t\t<h5 class=\"elementor-heading-title elementor-size-default\">\u00c1raj\u00e1nlatok \u00e9s konzult\u00e1ci\u00f3k<\/h5>\t\t\t\t<\/div>\n\t\t\t\t<div class=\"elementor-element elementor-element-67c4d563 elementor-widget elementor-widget-heading\" data-id=\"67c4d563\" data-element_type=\"widget\" data-e-type=\"widget\" data-widget_type=\"heading.default\">\n\t\t\t\t\t<p class=\"elementor-heading-title elementor-size-default\">R\u00e9szletes \u00e1raj\u00e1nlat\u00e9rt \u00e9s inform\u00e1ci\u00f3k\u00e9rt k\u00e9rj\u00fck, \u00edrjon e-mailt a <u>info@redseaelite.com<\/u> c\u00edmre.<\/p>\t\t\t\t<\/div>\n\t\t\t\t\t<\/div>\n\t\t<\/div>\n\t\t\t\t\t<\/div>\n\t\t<\/section>\n\t\t\t\t<section class=\"elementor-section elementor-top-section elementor-element elementor-element-d57196d elementor-section-boxed elementor-section-height-default elementor-section-height-default\" data-id=\"d57196d\" data-element_type=\"section\" data-e-type=\"section\" data-settings=\"{&quot;background_background&quot;:&quot;classic&quot;}\">\n\t\t\t\t\t\t\t<div class=\"elementor-background-overlay\"><\/div>\n\t\t\t\t\t\t\t<div class=\"elementor-container elementor-column-gap-default\">\n\t\t\t\t\t<div class=\"elementor-column elementor-col-50 elementor-top-column elementor-element elementor-element-3458dc2 elementor-invisible\" data-id=\"3458dc2\" data-element_type=\"column\" data-e-type=\"column\" data-settings=\"{&quot;animation&quot;:&quot;fadeIn&quot;,&quot;animation_delay&quot;:&quot;150&quot;}\">\n\t\t\t<div class=\"elementor-widget-wrap elementor-element-populated\">\n\t\t\t\t\t\t<div class=\"elementor-element elementor-element-0609ce4 elementor-view-stacked elementor-position-inline-start elementor-shape-circle elementor-mobile-position-block-start elementor-widget elementor-widget-icon-box\" data-id=\"0609ce4\" data-element_type=\"widget\" data-e-type=\"widget\" data-widget_type=\"icon-box.default\">\n\t\t\t\t\t\t\t<div class=\"elementor-icon-box-wrapper\">\n\n\t\t\t\t\t\t<div class=\"elementor-icon-box-icon\">\n\t\t\t\t<span  class=\"elementor-icon elementor-animation-buzz-out\">\n\t\t\t\t\t\t\t\t<\/span>\n\t\t\t<\/div>\n\t\t\t\n\t\t\t\t\t\t<div class=\"elementor-icon-box-content\">\n\n\t\t\t\t\t\t\t\t\t<h4 class=\"elementor-icon-box-title\">\n\t\t\t\t\t\t<span  >\n\t\t\t\t\t\t\tMajd \u00e9n gondoskodom az utaz\u00e1sodr\u00f3l.\t\t\t\t\t\t<\/span>\n\t\t\t\t\t<\/h4>\n\t\t\t\t\n\t\t\t\t\n\t\t\t<\/div>\n\t\t\t\n\t\t<\/div>\n\t\t\t\t\t\t<\/div>\n\t\t\t\t<div class=\"elementor-element elementor-element-e7391da elementor-widget elementor-widget-html\" data-id=\"e7391da\" data-element_type=\"widget\" data-e-type=\"widget\" data-widget_type=\"html.default\">\n\t\t\t\t\t<style>\r\n.hrg-mini{\r\n  --accent:#d77b3c;\r\n  --navy:#1f3763;\r\n  --text:#263238;\r\n  --muted:#6b7280;\r\n  --line:rgba(31,55,99,.10);\r\n  --shadow:0 10px 24px rgba(18,25,38,.10);\r\n  --radius:16px;\r\n\r\n  max-width: 980px;\r\n  margin: 0 auto;\r\n  padding: 18px 18px 16px;\r\n  background:#fff;\r\n  border:1px solid var(--line);\r\n  border-radius: var(--radius);\r\n  box-shadow: var(--shadow);\r\n  color: var(--text);\r\n}\r\n\r\n.hrg-mini h2{\r\n  margin:0 0 10px;\r\n  font-size: clamp(18px, 2vw, 24px);\r\n  line-height:1.6;\r\n  color: var(--navy);\r\n  font-weight: 900;\r\n}\r\n\r\n.hrg-mini p{\r\n  margin:0 0 10px;\r\n  line-height:1.75;\r\n  color: var(--text);\r\n  font-size: 15px;\r\n}\r\n\r\n.hrg-mini p:last-child{ margin-bottom:0; }\r\n\r\n.hrg-mini .muted{ color: var(--muted); }\r\n\r\n.hrg-mini .cta{\r\n  margin-top: 29px;\r\n  display:flex;\r\n  flex-wrap: wrap;\r\n  gap:10px;\r\n  align-items:center;\r\n}\r\n\r\n.hrg-mini .btn{\r\n  display:inline-flex;\r\n  align-items:center;\r\n  justify-content:center;\r\n  padding: 10px 14px;\r\n  border-radius: 14px;\r\n  text-decoration:none !important;\r\n  font-weight: 900;\r\n  font-size: 14px;\r\n  border: 1px solid transparent;\r\n  transition: transform .12s ease, opacity .12s ease;\r\n}\r\n\r\n.hrg-mini .btn-primary{\r\n  background: linear-gradient(135deg, var(--accent), #ff5a1f);\r\n  color:#fff !important;\r\n  box-shadow: 0 14px 26px rgba(215,123,60,.22);\r\n}\r\n\r\n.hrg-mini .btn-primary:hover{ transform: translateY(-1px); }\r\n\r\n.hrg-mini .btn-ghost{\r\n  background: rgba(31,55,99,.06);\r\n  border-color: rgba(31,55,99,.10);\r\n  color: var(--navy) !important;\r\n}\r\n\r\n.hrg-mini .btn-ghost:hover{ opacity:.95; transform: translateY(-1px); }\r\n\r\n.hrg-mini .hl{\r\n  font-weight: 900;\r\n  color: var(--navy);\r\n}\r\n\r\n.hrg-mini .note{\r\n  margin-top: 8px;\r\n  padding-left: 12px;\r\n  border-left: 3px solid rgba(215,123,60,.55);\r\n  color: var(--muted);\r\n  font-size: 14px;\r\n}\r\n<\/style>\r\n\r\n<section class=\"hrg-mini\">\r\n  <h2>Egyiptomi tapasztalatok, k\u00fcl\u00f6n\u00f6sen Hurghad\u00e1b\u00f3l<\/h2>\r\n\r\n  <p>\r\n    \u00dcgyfeleink sz\u00e1m\u00e1ra gazdag tud\u00e1st \u00e9s t\u00f6bb\u00e9ves tapasztalatot k\u00edn\u00e1lunk els\u0151sorban\r\n    <span class=\"hl\">egyiptomi kir\u00e1ndul\u00e1sok, \u00e9lm\u00e9nyek \u00e9s utaz\u00e1si szolg\u00e1ltat\u00e1sok<\/span> ter\u00fclet\u00e9n, k\u00fcl\u00f6n\u00f6sen a\r\n    n\u00e9pszer\u0171 \u00fati c\u00e9lon, <span class=\"hl\">Hurghad\u00e1ban<\/span>. Seg\u00edt\u00fcnk kiv\u00e1lasztani a legszebb fakultat\u00edv\r\n    kir\u00e1ndul\u00e1sokat, aj\u00e1nljuk a bev\u00e1lt l\u00e1tnival\u00f3kat, \u00e9s gondoskodunk arr\u00f3l,\r\n    hogy a legt\u00f6bbet hozza ki a nyaral\u00e1s\u00e1b\u00f3l.\r\n  <\/p>\r\n\r\n  <p class=\"muted\">\r\n    Sznorkelez\u00e9s \u00e9s b\u00fav\u00e1rkod\u00e1s a V\u00f6r\u00f6s-tengerben, a Giftun-szigetek, sivatagi szafari,\r\n    haj\u00f3kir\u00e1ndul\u00e1sok, valamint v\u00e1rosn\u00e9z\u0151 kir\u00e1ndul\u00e1sok Luxorba vagy Kair\u00f3ba \u2013 sz\u00edvesen\r\n    adunk tan\u00e1csot \u00e9s megszervezz\u00fcnk mindent, amire sz\u00fcks\u00e9ge van.\r\n  <\/p>\r\n\r\n  <p>\r\n    Term\u00e9szetesen megb\u00edzhat\u00f3 rep\u00fcl\u0151t\u00e9ri transzfert, egy\u00e9ni ig\u00e9nyekre szabott kir\u00e1ndul\u00e1sokat\r\n    \u00e9s seg\u00edts\u00e9get is biztos\u00edtunk a teljes tart\u00f3zkod\u00e1s ideje alatt. Fontos sz\u00e1munkra\r\n    a szem\u00e9lyes hozz\u00e1\u00e1ll\u00e1s, a biztons\u00e1g \u00e9s a szolg\u00e1ltat\u00e1sok min\u0151s\u00e9ge.\r\n  <\/p>\r\n\r\n  <div class=\"note\">\ud83d\udc49 Ne habozzon kapcsolatba l\u00e9pni vel\u00fcnk \u2013 sz\u00edvesen seg\u00edt\u00fcnk megtervezni felejthetetlen \u00e9lm\u00e9nyeit Egyiptomban.<\/div>\r\n\r\n  <div class=\"cta\">\r\n    <!-- ZME\u0147 href na tvoju kontaktn\u00fa str\u00e1nku \/ kotvu -->\r\n    <a class=\"btn btn-primary\" href=\"#posta\">Kapcsolat<\/a>\r\n    <a class=\"btn btn-ghost\" href=\"https:\/\/www.redseaelite.eu\/hu\/turak-es-latnivalok-egyiptomban\/\">Kir\u00e1ndul\u00e1sok megtekint\u00e9se<\/a>\r\n  <\/div>\r\n<\/section>\t\t\t\t<\/div>\n\t\t\t\t\t<\/div>\n\t\t<\/div>\n\t\t\t\t<div class=\"elementor-column elementor-col-50 elementor-top-column elementor-element elementor-element-5c86951 elementor-invisible\" data-id=\"5c86951\" data-element_type=\"column\" data-e-type=\"column\" data-settings=\"{&quot;animation&quot;:&quot;fadeIn&quot;,&quot;animation_delay&quot;:&quot;300&quot;}\">\n\t\t\t<div class=\"elementor-widget-wrap elementor-element-populated\">\n\t\t\t\t\t\t<div class=\"elementor-element elementor-element-a89b51f elementor-widget elementor-widget-image\" data-id=\"a89b51f\" data-element_type=\"widget\" data-e-type=\"widget\" data-widget_type=\"image.default\">\n\t\t\t\t\t\t\t\t\t\t\t\t\t\t\t<img fetchpriority=\"high\" decoding=\"async\" width=\"720\" height=\"720\" src=\"https:\/\/www.redseaelite.eu\/wp-content\/uploads\/2026\/03\/LM1-januar21-retus-2-2-scaled-1-720x720.jpg\" class=\"attachment-nd_travel_image_size_720_720 size-nd_travel_image_size_720_720 wp-image-8415\" alt=\"v\u00fdlety, z\u00e1\u017eitky a slu\u017eby pre turistov v Hurghade\" srcset=\"https:\/\/www.redseaelite.eu\/wp-content\/uploads\/2026\/03\/LM1-januar21-retus-2-2-scaled-1-720x720.jpg 720w, https:\/\/www.redseaelite.eu\/wp-content\/uploads\/2026\/03\/LM1-januar21-retus-2-2-scaled-1-150x150.jpg 150w, https:\/\/www.redseaelite.eu\/wp-content\/uploads\/2026\/03\/LM1-januar21-retus-2-2-scaled-1-300x300.jpg 300w, https:\/\/www.redseaelite.eu\/wp-content\/uploads\/2026\/03\/LM1-januar21-retus-2-2-scaled-1-100x100.jpg 100w\" sizes=\"(max-width: 720px) 100vw, 720px\" title=\"-\">\t\t\t\t\t\t\t\t\t\t\t\t\t\t\t<\/div>\n\t\t\t\t\t<\/div>\n\t\t<\/div>\n\t\t\t\t\t<\/div>\n\t\t<\/section>\n\t\t\t\t<section class=\"elementor-section elementor-top-section elementor-element elementor-element-54592da3 elementor-section-content-middle elementor-section-boxed elementor-section-height-default elementor-section-height-default\" data-id=\"54592da3\" data-element_type=\"section\" data-e-type=\"section\" id=\"posta\">\n\t\t\t\t\t\t<div class=\"elementor-container elementor-column-gap-default\">\n\t\t\t\t\t<div class=\"elementor-column elementor-col-100 elementor-top-column elementor-element elementor-element-77ca6279 elementor-invisible\" data-id=\"77ca6279\" data-element_type=\"column\" data-e-type=\"column\" data-settings=\"{&quot;background_background&quot;:&quot;classic&quot;,&quot;animation&quot;:&quot;fadeInUp&quot;}\">\n\t\t\t<div class=\"elementor-widget-wrap elementor-element-populated\">\n\t\t\t\t\t<div class=\"elementor-background-overlay\"><\/div>\n\t\t\t\t\t\t<div class=\"elementor-element elementor-element-7b70fff3 elementor-widget elementor-widget-heading\" data-id=\"7b70fff3\" data-element_type=\"widget\" data-e-type=\"widget\" data-widget_type=\"heading.default\">\n\t\t\t\t\t<h6 class=\"elementor-heading-title elementor-size-default\">Tervezze meg utaz\u00e1s\u00e1t Egyiptomban<\/h6>\t\t\t\t<\/div>\n\t\t\t\t<div class=\"elementor-element elementor-element-7c51d73c elementor-widget elementor-widget-heading\" data-id=\"7c51d73c\" data-element_type=\"widget\" data-e-type=\"widget\" data-widget_type=\"heading.default\">\n\t\t\t\t\t<h2 class=\"elementor-heading-title elementor-size-default\">\u00cdrjon nek\u00fcnk<\/h2>\t\t\t\t<\/div>\n\t\t\t\t<div class=\"elementor-element elementor-element-53474f0e elementor-widget elementor-widget-heading\" data-id=\"53474f0e\" data-element_type=\"widget\" data-e-type=\"widget\" data-widget_type=\"heading.default\">\n\t\t\t\t\t<p class=\"elementor-heading-title elementor-size-default\">\u00cdrjon nek\u00fcnk szem\u00e9lyre szabott utaz\u00e1si tan\u00e1csok\u00e9rt, csoportos utaz\u00e1sokkal \u00e9s <u>last minute utaz\u00e1sokkal<\/u> kapcsolatos inform\u00e1ci\u00f3k\u00e9rt.<\/p>\t\t\t\t<\/div>\n\t\t\t\t<div class=\"elementor-element elementor-element-24efa5c8 elementor-widget elementor-widget-cf7\" data-id=\"24efa5c8\" data-element_type=\"widget\" data-e-type=\"widget\" data-widget_type=\"cf7.default\">\n\t\t\t\t<div class=\"elementor-widget-container\">\n\t\t\t\t\t\n\t\t<div class=\"nd_elements_cf7_component\">\n\t\t\t\n<div class=\"wpcf7 no-js\" id=\"wpcf7-f8439-o1\" lang=\"hu-HU\" dir=\"ltr\" data-wpcf7-id=\"8439\">\n<div class=\"screen-reader-response\"><p role=\"status\" aria-live=\"polite\" aria-atomic=\"true\"><\/p> <ul><\/ul><\/div>\n<form action=\"\/hu\/wp-json\/wp\/v2\/pages\/8414#wpcf7-f8439-o1\" method=\"post\" class=\"wpcf7-form init\" aria-label=\"Kapcsolatfelv\u00e9teli \u0171rlap\" novalidate=\"novalidate\" data-status=\"init\">\n<fieldset class=\"hidden-fields-container\"><input type=\"hidden\" name=\"_wpcf7\" value=\"8439\" \/><input type=\"hidden\" name=\"_wpcf7_version\" value=\"6.1.5\" \/><input type=\"hidden\" name=\"_wpcf7_locale\" value=\"hu_HU\" \/><input type=\"hidden\" name=\"_wpcf7_unit_tag\" value=\"wpcf7-f8439-o1\" \/><input type=\"hidden\" name=\"_wpcf7_container_post\" value=\"0\" \/><input type=\"hidden\" name=\"_wpcf7_posted_data_hash\" value=\"\" \/>\n<\/fieldset>\n<p><span class=\"wpcf7-form-control-wrap\" data-name=\"your-name\"><input size=\"40\" maxlength=\"400\" class=\"wpcf7-form-control wpcf7-text wpcf7-validates-as-required\" autocomplete=\"name\" aria-required=\"true\" aria-invalid=\"false\" placeholder=\"Teljes n\u00e9v\" value=\"\" type=\"text\" name=\"your-name\" \/><\/span><br \/>\n<span class=\"wpcf7-form-control-wrap\" data-name=\"your-email\"><input size=\"40\" maxlength=\"400\" class=\"wpcf7-form-control wpcf7-email wpcf7-validates-as-required wpcf7-text wpcf7-validates-as-email\" autocomplete=\"email\" aria-required=\"true\" aria-invalid=\"false\" placeholder=\"E-mail c\u00edm\" value=\"\" type=\"email\" name=\"your-email\" \/><\/span><br \/>\n<span class=\"wpcf7-form-control-wrap\" data-name=\"your-tel\"><input size=\"40\" maxlength=\"400\" class=\"wpcf7-form-control wpcf7-tel wpcf7-validates-as-required wpcf7-text wpcf7-validates-as-tel\" aria-required=\"true\" aria-invalid=\"false\" placeholder=\"Telefonsz\u00e1m\" value=\"\" type=\"tel\" name=\"your-tel\" \/><\/span><br \/>\n<span class=\"wpcf7-form-control-wrap\" data-name=\"your-message\"><textarea cols=\"40\" rows=\"5\" maxlength=\"2000\" class=\"wpcf7-form-control wpcf7-textarea\" aria-invalid=\"false\" placeholder=\"\u00dczenet\" name=\"your-message\"><\/textarea><\/span><br \/>\n<span class=\"wpcf7-form-control-wrap\" data-name=\"acceptance-478\"><span class=\"wpcf7-form-control wpcf7-acceptance\"><span class=\"wpcf7-list-item\"><label><input type=\"checkbox\" name=\"acceptance-478\" value=\"1\" aria-invalid=\"false\" \/><span class=\"wpcf7-list-item-label\">Hozz\u00e1j\u00e1rulok szem\u00e9lyes adataim kezel\u00e9s\u00e9hez<\/span><\/label><\/span><\/span><\/span><br \/>\n<input class=\"wpcf7-form-control wpcf7-submit has-spinner\" type=\"submit\" value=\"\u00dczenet k\u00fcld\u00e9se\" \/>\n<\/p><div class=\"wpcf7-response-output\" aria-hidden=\"true\"><\/div>\n<\/form>\n<\/div>\n\n\t\t<\/div>\t\t\t\t<\/div>\n\t\t\t\t<\/div>\n\t\t\t\t\t<\/div>\n\t\t<\/div>\n\t\t\t\t\t<\/div>\n\t\t<\/section>\n\t\t\t\t<section class=\"elementor-section elementor-top-section elementor-element elementor-element-b0b2600 elementor-section-full_width elementor-section-height-default elementor-section-height-default\" data-id=\"b0b2600\" data-element_type=\"section\" data-e-type=\"section\">\n\t\t\t\t\t\t<div class=\"elementor-container elementor-column-gap-default\">\n\t\t\t\t\t<div class=\"elementor-column elementor-col-100 elementor-top-column elementor-element elementor-element-186792bb\" data-id=\"186792bb\" data-element_type=\"column\" data-e-type=\"column\">\n\t\t\t<div class=\"elementor-widget-wrap elementor-element-populated\">\n\t\t\t\t\t\t<div class=\"elementor-element elementor-element-45271204 elementor-widget elementor-widget-google_maps\" data-id=\"45271204\" data-element_type=\"widget\" data-e-type=\"widget\" data-widget_type=\"google_maps.default\">\n\t\t\t\t\t\t\t<div class=\"elementor-custom-embed\">\n\t\t\t<iframe loading=\"lazy\"\n\t\t\t\t\tsrc=\"https:\/\/maps.google.com\/maps?q=Bohrova%203429%2F1%20Bratislava%20Petr%C5%BEalka%20851%2001&#038;t=m&#038;z=13&#038;output=embed&#038;iwloc=near\"\n\t\t\t\t\ttitle=\"Bohrova 3429\/1 Bratislava Petr\u017ealka 851 01\"\n\t\t\t\t\taria-label=\"Bohrova 3429\/1 Bratislava Petr\u017ealka 851 01\"\n\t\t\t><\/iframe>\n\t\t<\/div>\n\t\t\t\t\t\t<\/div>\n\t\t\t\t\t<\/div>\n\t\t<\/div>\n\t\t\t\t\t<\/div>\n\t\t<\/section>\n\t\t\t\t<\/div>\n\t\t","protected":false},"excerpt":{"rendered":"<p>Kapcsolat C\u00e9g telephelye Utaz\u00e1si iroda EgyptGo s.r.o. Bohrova 3429\/1 Bratislava &#8211; Petr\u017ealka 851 01 H\u00edvjon minket Gyors kapcsolatfelv\u00e9tel: Mgr. Ilias Tom\u00e1\u0161 +421 901 737 155 K\u00e9rdezz b\u00e1rmit \u00c1raj\u00e1nlatok \u00e9s konzult\u00e1ci\u00f3k R\u00e9szletes \u00e1raj\u00e1nlat\u00e9rt \u00e9s inform\u00e1ci\u00f3k\u00e9rt k\u00e9rj\u00fck, \u00edrjon e-mailt a info@redseaelite.com c\u00edmre. Majd \u00e9n gondoskodom az utaz\u00e1sodr\u00f3l. Egyiptomi tapasztalatok, k\u00fcl\u00f6n\u00f6sen Hurghad\u00e1b\u00f3l \u00dcgyfeleink sz\u00e1m\u00e1ra gazdag tud\u00e1st \u00e9s t\u00f6bb\u00e9ves [&hellip;]<\/p>\n","protected":false},"author":1,"featured_media":8416,"parent":0,"menu_order":0,"comment_status":"closed","ping_status":"closed","template":"","meta":{"_acf_changed":false,"footnotes":""},"class_list":["post-8414","page","type-page","status-publish","has-post-thumbnail","hentry"],"acf":[],"_links":{"self":[{"href":"https:\/\/www.redseaelite.eu\/hu\/wp-json\/wp\/v2\/pages\/8414","targetHints":{"allow":["GET"]}}],"collection":[{"href":"https:\/\/www.redseaelite.eu\/hu\/wp-json\/wp\/v2\/pages"}],"about":[{"href":"https:\/\/www.redseaelite.eu\/hu\/wp-json\/wp\/v2\/types\/page"}],"author":[{"embeddable":true,"href":"https:\/\/www.redseaelite.eu\/hu\/wp-json\/wp\/v2\/users\/1"}],"replies":[{"embeddable":true,"href":"https:\/\/www.redseaelite.eu\/hu\/wp-json\/wp\/v2\/comments?post=8414"}],"version-history":[{"count":16,"href":"https:\/\/www.redseaelite.eu\/hu\/wp-json\/wp\/v2\/pages\/8414\/revisions"}],"predecessor-version":[{"id":9201,"href":"https:\/\/www.redseaelite.eu\/hu\/wp-json\/wp\/v2\/pages\/8414\/revisions\/9201"}],"wp:featuredmedia":[{"embeddable":true,"href":"https:\/\/www.redseaelite.eu\/hu\/wp-json\/wp\/v2\/media\/8416"}],"wp:attachment":[{"href":"https:\/\/www.redseaelite.eu\/hu\/wp-json\/wp\/v2\/media?parent=8414"}],"curies":[{"name":"wp","href":"https:\/\/api.w.org\/{rel}","templated":true}]}}